{"id":8,"date":"2021-01-04T13:30:49","date_gmt":"2021-01-04T13:30:49","guid":{"rendered":"https:\/\/kerstin-streuli.artris.ch\/?page_id=8"},"modified":"2021-01-08T10:20:42","modified_gmt":"2021-01-08T10:20:42","slug":"ueber-mich","status":"publish","type":"page","link":"https:\/\/kerstin-streuli.artris.ch\/en\/ueber-mich\/","title":{"rendered":"About me"},"content":{"rendered":"<div data-elementor-type=\"wp-page\" data-elementor-id=\"8\" class=\"elementor elementor-8\">\n\t\t\t\t\t\t<div class=\"elementor-inner\">\n\t\t\t\t<div class=\"elementor-section-wrap\">\n\t\t\t\t\t\t\t\t\t<section class=\"elementor-section elementor-top-section elementor-element elementor-element-e5e7f2a elementor-section-content-middle elementor-section-full_width elementor-section-height-default elementor-section-height-default\" data-id=\"e5e7f2a\" data-element_type=\"section\" data-settings=\"{&quot;background_background&quot;:&quot;classic&quot;}\">\n\t\t\t\t\t\t\t<div class=\"elementor-background-overlay\"><\/div>\n\t\t\t\t\t\t\t<div class=\"elementor-container elementor-column-gap-default\">\n\t\t\t\t\t\t\t<div class=\"elementor-row\">\n\t\t\t\t\t<div class=\"elementor-column elementor-col-100 elementor-top-column elementor-element elementor-element-a166c37\" data-id=\"a166c37\" data-element_type=\"column\">\n\t\t\t<div class=\"elementor-column-wrap elementor-element-populated\">\n\t\t\t\t\t\t\t<div class=\"elementor-widget-wrap\">\n\t\t\t\t\t\t<section class=\"elementor-section elementor-inner-section elementor-element elementor-element-66a31b3 elementor-section-boxed elementor-section-height-default elementor-section-height-default\" data-id=\"66a31b3\" data-element_type=\"section\">\n\t\t\t\t\t\t<div class=\"elementor-container elementor-column-gap-default\">\n\t\t\t\t\t\t\t<div class=\"elementor-row\">\n\t\t\t\t\t<div class=\"elementor-column elementor-col-50 elementor-inner-column elementor-element elementor-element-86754b5\" data-id=\"86754b5\" data-element_type=\"column\">\n\t\t\t<div class=\"elementor-column-wrap elementor-element-populated\">\n\t\t\t\t\t\t\t<div class=\"elementor-widget-wrap\">\n\t\t\t\t\t\t<div class=\"elementor-element elementor-element-98ceb83 elementor-widget elementor-widget-image\" data-id=\"98ceb83\" data-element_type=\"widget\" data-widget_type=\"image.default\">\n\t\t\t\t<div class=\"elementor-widget-container\">\n\t\t\t\t\t\t\t\t<div class=\"elementor-image\">\n\t\t\t\t\t\t\t\t\t\t\t\t<img decoding=\"async\" width=\"400\" height=\"360\" src=\"https:\/\/kerstin-streuli.artris.ch\/wp-content\/uploads\/2021\/01\/KerstinStreuli_small.jpg\" class=\"attachment-large size-large wp-image-44\" alt=\"\" loading=\"lazy\" srcset=\"https:\/\/kerstin-streuli.artris.ch\/wp-content\/uploads\/2021\/01\/KerstinStreuli_small.jpg 400w, https:\/\/kerstin-streuli.artris.ch\/wp-content\/uploads\/2021\/01\/KerstinStreuli_small-300x270.jpg 300w\" sizes=\"(max-width: 400px) 100vw, 400px\" \/>\t\t\t\t\t\t\t\t\t\t\t\t\t\t<\/div>\n\t\t\t\t\t\t<\/div>\n\t\t\t\t<\/div>\n\t\t\t\t\t\t<\/div>\n\t\t\t\t\t<\/div>\n\t\t<\/div>\n\t\t\t\t<div class=\"elementor-column elementor-col-50 elementor-inner-column elementor-element elementor-element-4076ed3\" data-id=\"4076ed3\" data-element_type=\"column\">\n\t\t\t<div class=\"elementor-column-wrap elementor-element-populated\">\n\t\t\t\t\t\t\t<div class=\"elementor-widget-wrap\">\n\t\t\t\t\t\t<div class=\"elementor-element elementor-element-b6fa8a7 elementor-widget elementor-widget-heading\" data-id=\"b6fa8a7\" data-element_type=\"widget\" data-widget_type=\"heading.default\">\n\t\t\t\t<div class=\"elementor-widget-container\">\n\t\t\t<h2 class=\"elementor-heading-title elementor-size-default\">Deine pers\u00f6nliche Coachin f\u00fcr Erf\u00fcllung im Business<\/h2>\t\t<\/div>\n\t\t\t\t<\/div>\n\t\t\t\t<div class=\"elementor-element elementor-element-86f7f66 elementor-widget elementor-widget-heading\" data-id=\"86f7f66\" data-element_type=\"widget\" data-widget_type=\"heading.default\">\n\t\t\t\t<div class=\"elementor-widget-container\">\n\t\t\t<h2 class=\"elementor-heading-title elementor-size-default\">Ich unterst\u00fctze dich,<br>deine berufliche Vision zu finden und in Aktion zu gehen, damit dein Beruf zu deiner Berufung wird und du finanziell erfolgreich bist.<\/h2>\t\t<\/div>\n\t\t\t\t<\/div>\n\t\t\t\t\t\t<\/div>\n\t\t\t\t\t<\/div>\n\t\t<\/div>\n\t\t\t\t\t\t\t\t<\/div>\n\t\t\t\t\t<\/div>\n\t\t<\/section>\n\t\t\t\t\t\t<\/div>\n\t\t\t\t\t<\/div>\n\t\t<\/div>\n\t\t\t\t\t\t\t\t<\/div>\n\t\t\t\t\t<\/div>\n\t\t<\/section>\n\t\t\t\t<section class=\"elementor-section elementor-top-section elementor-element elementor-element-1a9c91a elementor-section-boxed elementor-section-height-default elementor-section-height-default\" data-id=\"1a9c91a\" data-element_type=\"section\">\n\t\t\t\t\t\t<div class=\"elementor-container elementor-column-gap-default\">\n\t\t\t\t\t\t\t<div class=\"elementor-row\">\n\t\t\t\t\t<div class=\"elementor-column elementor-col-100 elementor-top-column elementor-element elementor-element-3aa8a05\" data-id=\"3aa8a05\" data-element_type=\"column\">\n\t\t\t<div class=\"elementor-column-wrap elementor-element-populated\">\n\t\t\t\t\t\t\t<div class=\"elementor-widget-wrap\">\n\t\t\t\t\t\t<div class=\"elementor-element elementor-element-38d3a64 elementor-widget elementor-widget-text-editor\" data-id=\"38d3a64\" data-element_type=\"widget\" data-widget_type=\"text-editor.default\">\n\t\t\t\t<div class=\"elementor-widget-container\">\n\t\t\t\t\t\t\t\t<div class=\"elementor-text-editor elementor-clearfix\">\n\t\t\t\t<p style=\"text-align: center;\"><span style=\"font-size: large;\"><b>Empowerment Trainer for professional women <\/b><\/span><\/p>\t\t\t\t\t<\/div>\n\t\t\t\t\t\t<\/div>\n\t\t\t\t<\/div>\n\t\t\t\t<div class=\"elementor-element elementor-element-42a1b4e elementor-align-center elementor-button-info elementor-widget elementor-widget-button\" data-id=\"42a1b4e\" data-element_type=\"widget\" data-widget_type=\"button.default\">\n\t\t\t\t<div class=\"elementor-widget-container\">\n\t\t\t\t\t<div class=\"elementor-button-wrapper\">\n\t\t\t<a href=\"https:\/\/calendly.com\/kerstin-streuli\/coachingsession\" target=\"_blank\" class=\"elementor-button-link elementor-button elementor-size-xs elementor-animation-grow\" role=\"button\">\n\t\t\t\t\t\t<span class=\"elementor-button-content-wrapper\">\n\t\t\t\t\t\t\t<span class=\"elementor-button-icon elementor-align-icon-left\">\n\t\t\t\t<i aria-hidden=\"true\" class=\"fas fa-child\"><\/i>\t\t\t<\/span>\n\t\t\t\t\t\t<span class=\"elementor-button-text\">Sichere dir jetzt deine kostenlose Sitzung zur Standortbestimmung\u2026..<\/span>\n\t\t<\/span>\n\t\t\t\t\t<\/a>\n\t\t<\/div>\n\t\t\t\t<\/div>\n\t\t\t\t<\/div>\n\t\t\t\t\t\t<\/div>\n\t\t\t\t\t<\/div>\n\t\t<\/div>\n\t\t\t\t\t\t\t\t<\/div>\n\t\t\t\t\t<\/div>\n\t\t<\/section>\n\t\t\t\t<section class=\"elementor-section elementor-top-section elementor-element elementor-element-755ca31 elementor-section-boxed elementor-section-height-default elementor-section-height-default\" data-id=\"755ca31\" data-element_type=\"section\">\n\t\t\t\t\t\t<div class=\"elementor-container elementor-column-gap-default\">\n\t\t\t\t\t\t\t<div class=\"elementor-row\">\n\t\t\t\t\t<div class=\"elementor-column elementor-col-100 elementor-top-column elementor-element elementor-element-690ffbb\" data-id=\"690ffbb\" data-element_type=\"column\">\n\t\t\t<div class=\"elementor-column-wrap elementor-element-populated\">\n\t\t\t\t\t\t\t<div class=\"elementor-widget-wrap\">\n\t\t\t\t\t\t<section class=\"elementor-section elementor-inner-section elementor-element elementor-element-f0aea39 elementor-section-boxed elementor-section-height-default elementor-section-height-default\" data-id=\"f0aea39\" data-element_type=\"section\">\n\t\t\t\t\t\t<div class=\"elementor-container elementor-column-gap-default\">\n\t\t\t\t\t\t\t<div class=\"elementor-row\">\n\t\t\t\t\t<div class=\"elementor-column elementor-col-50 elementor-inner-column elementor-element elementor-element-6d0e5a9\" data-id=\"6d0e5a9\" data-element_type=\"column\">\n\t\t\t<div class=\"elementor-column-wrap\">\n\t\t\t\t\t\t\t<div class=\"elementor-widget-wrap\">\n\t\t\t\t\t\t\t\t<\/div>\n\t\t\t\t\t<\/div>\n\t\t<\/div>\n\t\t\t\t<div class=\"elementor-column elementor-col-50 elementor-inner-column elementor-element elementor-element-159b81a\" data-id=\"159b81a\" data-element_type=\"column\">\n\t\t\t<div class=\"elementor-column-wrap elementor-element-populated\">\n\t\t\t\t\t\t\t<div class=\"elementor-widget-wrap\">\n\t\t\t\t\t\t<div class=\"elementor-element elementor-element-7ca3253 elementor-widget elementor-widget-text-editor\" data-id=\"7ca3253\" data-element_type=\"widget\" data-widget_type=\"text-editor.default\">\n\t\t\t\t<div class=\"elementor-widget-container\">\n\t\t\t\t\t\t\t\t<div class=\"elementor-text-editor elementor-clearfix\">\n\t\t\t\t<p><b>Du willst endlich im Beruf<\/b><\/p><ul><li>deine St\u00e4rken einbringen &#8211; <i>und daf\u00fcr auch wertgesch\u00e4tzt werden<\/i><\/li><li>dich mit aller Kraft f\u00fcr den Erfolg einsetzen &#8211; <i>aber f\u00fcr etwas, was dir wirklich am Herzen liegt<\/i><\/li><li>mehr bewegen <i>&#8211; und nicht nur die Tage bis zu deiner Rente z\u00e4hlen<\/i><\/li><\/ul>\t\t\t\t\t<\/div>\n\t\t\t\t\t\t<\/div>\n\t\t\t\t<\/div>\n\t\t\t\t\t\t<\/div>\n\t\t\t\t\t<\/div>\n\t\t<\/div>\n\t\t\t\t\t\t\t\t<\/div>\n\t\t\t\t\t<\/div>\n\t\t<\/section>\n\t\t\t\t\t\t<\/div>\n\t\t\t\t\t<\/div>\n\t\t<\/div>\n\t\t\t\t\t\t\t\t<\/div>\n\t\t\t\t\t<\/div>\n\t\t<\/section>\n\t\t\t\t<section class=\"elementor-section elementor-top-section elementor-element elementor-element-116ddfd elementor-section-boxed elementor-section-height-default elementor-section-height-default\" data-id=\"116ddfd\" data-element_type=\"section\">\n\t\t\t\t\t\t<div class=\"elementor-container elementor-column-gap-default\">\n\t\t\t\t\t\t\t<div class=\"elementor-row\">\n\t\t\t\t\t<div class=\"elementor-column elementor-col-100 elementor-top-column elementor-element elementor-element-e50dad9\" data-id=\"e50dad9\" data-element_type=\"column\">\n\t\t\t<div class=\"elementor-column-wrap elementor-element-populated\">\n\t\t\t\t\t\t\t<div class=\"elementor-widget-wrap\">\n\t\t\t\t\t\t<div class=\"elementor-element elementor-element-a101460 elementor-widget elementor-widget-text-editor\" data-id=\"a101460\" data-element_type=\"widget\" data-widget_type=\"text-editor.default\">\n\t\t\t\t<div class=\"elementor-widget-container\">\n\t\t\t\t\t\t\t\t<div class=\"elementor-text-editor elementor-clearfix\">\n\t\t\t\t<p align=\"center\"><b>Wenn du in deiner Komfortzone bleiben<\/b><b> willst, dann bist du bei mir falsch.<\/b><\/p>\t\t\t\t\t<\/div>\n\t\t\t\t\t\t<\/div>\n\t\t\t\t<\/div>\n\t\t\t\t\t\t<\/div>\n\t\t\t\t\t<\/div>\n\t\t<\/div>\n\t\t\t\t\t\t\t\t<\/div>\n\t\t\t\t\t<\/div>\n\t\t<\/section>\n\t\t\t\t<section class=\"elementor-section elementor-top-section elementor-element elementor-element-a16ea5e elementor-section-boxed elementor-section-height-default elementor-section-height-default\" data-id=\"a16ea5e\" data-element_type=\"section\" data-settings=\"{&quot;background_background&quot;:&quot;classic&quot;}\">\n\t\t\t\t\t\t\t<div class=\"elementor-background-overlay\"><\/div>\n\t\t\t\t\t\t\t<div class=\"elementor-container elementor-column-gap-default\">\n\t\t\t\t\t\t\t<div class=\"elementor-row\">\n\t\t\t\t\t<div class=\"elementor-column elementor-col-100 elementor-top-column elementor-element elementor-element-1e98916\" data-id=\"1e98916\" data-element_type=\"column\">\n\t\t\t<div class=\"elementor-column-wrap elementor-element-populated\">\n\t\t\t\t\t\t\t<div class=\"elementor-widget-wrap\">\n\t\t\t\t\t\t<div class=\"elementor-element elementor-element-5c6f952 elementor-widget elementor-widget-text-editor\" data-id=\"5c6f952\" data-element_type=\"widget\" data-widget_type=\"text-editor.default\">\n\t\t\t\t<div class=\"elementor-widget-container\">\n\t\t\t\t\t\t\t\t<div class=\"elementor-text-editor elementor-clearfix\">\n\t\t\t\t<p align=\"center\"><b>Wenn du dich auf das Abenteuer deines Lebens, n\u00e4mlich dich selber,<br \/>einlassen willst, dann bist du bei mir richtig.<br \/><\/b><\/p>\t\t\t\t\t<\/div>\n\t\t\t\t\t\t<\/div>\n\t\t\t\t<\/div>\n\t\t\t\t\t\t<\/div>\n\t\t\t\t\t<\/div>\n\t\t<\/div>\n\t\t\t\t\t\t\t\t<\/div>\n\t\t\t\t\t<\/div>\n\t\t<\/section>\n\t\t\t\t<section class=\"elementor-section elementor-top-section elementor-element elementor-element-d91bf0e elementor-section-boxed elementor-section-height-default elementor-section-height-default\" data-id=\"d91bf0e\" data-element_type=\"section\">\n\t\t\t\t\t\t<div class=\"elementor-container elementor-column-gap-default\">\n\t\t\t\t\t\t\t<div class=\"elementor-row\">\n\t\t\t\t\t<div class=\"elementor-column elementor-col-100 elementor-top-column elementor-element elementor-element-a7f4dc5\" data-id=\"a7f4dc5\" data-element_type=\"column\">\n\t\t\t<div class=\"elementor-column-wrap elementor-element-populated\">\n\t\t\t\t\t\t\t<div class=\"elementor-widget-wrap\">\n\t\t\t\t\t\t<div class=\"elementor-element elementor-element-ec7bbdc elementor-widget elementor-widget-text-editor\" data-id=\"ec7bbdc\" data-element_type=\"widget\" data-widget_type=\"text-editor.default\">\n\t\t\t\t<div class=\"elementor-widget-container\">\n\t\t\t\t\t\t\t\t<div class=\"elementor-text-editor elementor-clearfix\">\n\t\t\t\t<p>&#8222;Meine Motivation ist es, jede Frau in ihrer authentischen Einzigartigkeit und Sch\u00f6nheit zu unterst\u00fctzen, so dass sie die beste Version ihrer selbst im Beruf mit Erfolg leben kann und\u00a0 sagt: ich habe ein erf\u00fclltes Leben.&#8220;<\/p>\t\t\t\t\t<\/div>\n\t\t\t\t\t\t<\/div>\n\t\t\t\t<\/div>\n\t\t\t\t\t\t<\/div>\n\t\t\t\t\t<\/div>\n\t\t<\/div>\n\t\t\t\t\t\t\t\t<\/div>\n\t\t\t\t\t<\/div>\n\t\t<\/section>\n\t\t\t\t<section class=\"elementor-section elementor-top-section elementor-element elementor-element-02431a7 elementor-section-boxed elementor-section-height-default elementor-section-height-default\" data-id=\"02431a7\" data-element_type=\"section\">\n\t\t\t\t\t\t<div class=\"elementor-container elementor-column-gap-default\">\n\t\t\t\t\t\t\t<div class=\"elementor-row\">\n\t\t\t\t\t<div class=\"elementor-column elementor-col-33 elementor-top-column elementor-element elementor-element-4a13670\" data-id=\"4a13670\" data-element_type=\"column\">\n\t\t\t<div class=\"elementor-column-wrap elementor-element-populated\">\n\t\t\t\t\t\t\t<div class=\"elementor-widget-wrap\">\n\t\t\t\t\t\t<div class=\"elementor-element elementor-element-b00dee9 elementor-widget elementor-widget-image\" data-id=\"b00dee9\" data-element_type=\"widget\" data-widget_type=\"image.default\">\n\t\t\t\t<div class=\"elementor-widget-container\">\n\t\t\t\t\t\t\t\t<div class=\"elementor-image\">\n\t\t\t\t\t\t\t\t\t\t\t\t<img decoding=\"async\" width=\"400\" height=\"430\" src=\"https:\/\/kerstin-streuli.artris.ch\/wp-content\/uploads\/2021\/01\/KerstinStreuli_2.jpg\" class=\"attachment-medium_large size-medium_large wp-image-353\" alt=\"\" loading=\"lazy\" srcset=\"https:\/\/kerstin-streuli.artris.ch\/wp-content\/uploads\/2021\/01\/KerstinStreuli_2.jpg 400w, https:\/\/kerstin-streuli.artris.ch\/wp-content\/uploads\/2021\/01\/KerstinStreuli_2-279x300.jpg 279w\" sizes=\"(max-width: 400px) 100vw, 400px\" \/>\t\t\t\t\t\t\t\t\t\t\t\t\t\t<\/div>\n\t\t\t\t\t\t<\/div>\n\t\t\t\t<\/div>\n\t\t\t\t\t\t<\/div>\n\t\t\t\t\t<\/div>\n\t\t<\/div>\n\t\t\t\t<div class=\"elementor-column elementor-col-66 elementor-top-column elementor-element elementor-element-7cac843\" data-id=\"7cac843\" data-element_type=\"column\">\n\t\t\t<div class=\"elementor-column-wrap elementor-element-populated\">\n\t\t\t\t\t\t\t<div class=\"elementor-widget-wrap\">\n\t\t\t\t\t\t<div class=\"elementor-element elementor-element-e22d151 elementor-widget elementor-widget-text-editor\" data-id=\"e22d151\" data-element_type=\"widget\" data-widget_type=\"text-editor.default\">\n\t\t\t\t<div class=\"elementor-widget-container\">\n\t\t\t\t\t\t\t\t<div class=\"elementor-text-editor elementor-clearfix\">\n\t\t\t\t<p>Ich bin seit 18 Jahren erfolgreiche Unternehmerin. Seit 30 Jahren bin ich auf meinem spirituellen Weg.<\/p><p>Nach meiner Heirat und der Geburt meines Sohnes \u00fcbernahm ich die Rolle der Ern\u00e4hrerin der Familie. Ich liebe die Unabh\u00e4ngigkeit und meine Selbstst\u00e4ndigkeit. Ich st\u00fcrzte mich in mein erstes eigenes Business, in die Welt der Computer und des Denkens. Alles ist logisch und vermeintlich verl\u00e4sslich und ich hatte Erfolg. Auf dem Weg der erfolgreichen Business Frau verlor ich in meiner Arbeit nach und nach den Kontakt zu meinem inneren Wesen und meiner weiblichen Weisheit. \u00dcbrig blieb eine H\u00fclle, die Geld verdiente. Fehlendes Abgrenzungsverm\u00f6gen, Angst f\u00fcr meine eigenen Werte einzustehen und Angst, Projekte oder Kunden zu verlieren, brachten mich fast an den Rande eines Burn Outs.<\/p><p>Ein alter Freund von mir, ein Zen-M\u00f6nch und Unternehmer, lud zu einer Business Lounge ein, an der ich teilnahm.<br \/>Hier traf mich die Erkenntnis: nur wenn ich mein inneres Wesen mit meinem Beruf verbinde, kann ich wahre Erf\u00fcllung leben.<\/p><p>Auf dem R\u00fcckweg von der Veranstaltung nach Hause entlud sich mein ganzer Schmerz der inneren Trennung. Ich erkannte das grosse Geschenk, dass mir der Zen-M\u00f6nch gemacht hatte: ich bin aufgerufen, die &#8222;M\u00f6nchs-Energie&#8220;, mein authentisches Wesen, in das einzubringen, wozu ich in diesem Leben berufen bin und die grosse innere Trennung zu beenden.<\/p>\t\t\t\t\t<\/div>\n\t\t\t\t\t\t<\/div>\n\t\t\t\t<\/div>\n\t\t\t\t\t\t<\/div>\n\t\t\t\t\t<\/div>\n\t\t<\/div>\n\t\t\t\t\t\t\t\t<\/div>\n\t\t\t\t\t<\/div>\n\t\t<\/section>\n\t\t\t\t<section class=\"elementor-section elementor-top-section elementor-element elementor-element-e1d6f4b elementor-section-boxed elementor-section-height-default elementor-section-height-default\" data-id=\"e1d6f4b\" data-element_type=\"section\">\n\t\t\t\t\t\t<div class=\"elementor-container elementor-column-gap-default\">\n\t\t\t\t\t\t\t<div class=\"elementor-row\">\n\t\t\t\t\t<div class=\"elementor-column elementor-col-100 elementor-top-column elementor-element elementor-element-06b4b75\" data-id=\"06b4b75\" data-element_type=\"column\">\n\t\t\t<div class=\"elementor-column-wrap elementor-element-populated\">\n\t\t\t\t\t\t\t<div class=\"elementor-widget-wrap\">\n\t\t\t\t\t\t<div class=\"elementor-element elementor-element-cb38cf5 elementor-widget elementor-widget-text-editor\" data-id=\"cb38cf5\" data-element_type=\"widget\" data-widget_type=\"text-editor.default\">\n\t\t\t\t<div class=\"elementor-widget-container\">\n\t\t\t\t\t\t\t\t<div class=\"elementor-text-editor elementor-clearfix\">\n\t\t\t\t<p>Mit Hilfe einer Reihe von Werkzeugen und Prozessarbeit gelang es mir, mein inneres Wesen mit meiner \u00e4usseren Produktivit\u00e4t zu vereinen. Ich entwickelte die F\u00e4higkeit, mein spirituelles Selbst mit der Sch\u00f6pferin, die ich bin, zu verweben. Ich bin ausgebildet in emotionalen Release und Bewusstseins Coach, begeisterte Unternehmerin und Softwareentwicklerin. Ich habe langj\u00e4hrige Erfahrung in Digitalisierung und in der Erforschung des eigenen Bewusstseins, in Meditation und bewusster Lebenssteuerung.<\/p><p>Ich habe es mir zur Aufgabe gemacht, Menschen darin zu unterst\u00fctzen, dem Ruf ihres Herzens zu folgen und dies in ihrer Arbeit zu leben. So k\u00f6nnen wir in unserer Arbeitswelt die modernen Herausforderungen meistern und eine Heilung des Planeten erm\u00f6glichen.<\/p>\t\t\t\t\t<\/div>\n\t\t\t\t\t\t<\/div>\n\t\t\t\t<\/div>\n\t\t\t\t<div class=\"elementor-element elementor-element-762b49b elementor-widget elementor-widget-text-editor\" data-id=\"762b49b\" data-element_type=\"widget\" data-widget_type=\"text-editor.default\">\n\t\t\t\t<div class=\"elementor-widget-container\">\n\t\t\t\t\t\t\t\t<div class=\"elementor-text-editor elementor-clearfix\">\n\t\t\t\t<ul><li>Vielleicht bist du in einem Beruf, den du liebst und f\u00fcr den du hart arbeitest und in dem du bleiben willst, aber du willst dort mehr von dir selbst einbringen.<\/li><li>Vielleicht bist du in einem Job, der nie deiner Spiritualit\u00e4t und deinen inneren Werten entsprach und du suchst nach dem Weg, um das zu finden, das zu dir passt.<\/li><li>Oder vielleicht bist du eine Unternehmerin wie ich, die den idealen Job schaffen will, der die sch\u00f6ne Verbindung zwischen deinem Herzen und deiner Kreativit\u00e4t und Produktivit\u00e4t ist.<\/li><\/ul>\t\t\t\t\t<\/div>\n\t\t\t\t\t\t<\/div>\n\t\t\t\t<\/div>\n\t\t\t\t<div class=\"elementor-element elementor-element-1655b8a elementor-widget elementor-widget-text-editor\" data-id=\"1655b8a\" data-element_type=\"widget\" data-widget_type=\"text-editor.default\">\n\t\t\t\t<div class=\"elementor-widget-container\">\n\t\t\t\t\t\t\t\t<div class=\"elementor-text-editor elementor-clearfix\">\n\t\t\t\t<p>Ich habe die Werkzeuge, die dir helfen, diese Ver\u00e4nderung jetzt zu machen.<\/p>\t\t\t\t\t<\/div>\n\t\t\t\t\t\t<\/div>\n\t\t\t\t<\/div>\n\t\t\t\t\t\t<\/div>\n\t\t\t\t\t<\/div>\n\t\t<\/div>\n\t\t\t\t\t\t\t\t<\/div>\n\t\t\t\t\t<\/div>\n\t\t<\/section>\n\t\t\t\t<section class=\"elementor-section elementor-top-section elementor-element elementor-element-f0785fe elementor-section-boxed elementor-section-height-default elementor-section-height-default\" data-id=\"f0785fe\" data-element_type=\"section\">\n\t\t\t\t\t\t<div class=\"elementor-container elementor-column-gap-default\">\n\t\t\t\t\t\t\t<div class=\"elementor-row\">\n\t\t\t\t\t<div class=\"elementor-column elementor-col-100 elementor-top-column elementor-element elementor-element-6e8a23f\" data-id=\"6e8a23f\" data-element_type=\"column\">\n\t\t\t<div class=\"elementor-column-wrap elementor-element-populated\">\n\t\t\t\t\t\t\t<div class=\"elementor-widget-wrap\">\n\t\t\t\t\t\t<div class=\"elementor-element elementor-element-03e42e5 elementor-align-center elementor-button-info elementor-widget elementor-widget-button\" data-id=\"03e42e5\" data-element_type=\"widget\" data-widget_type=\"button.default\">\n\t\t\t\t<div class=\"elementor-widget-container\">\n\t\t\t\t\t<div class=\"elementor-button-wrapper\">\n\t\t\t<a href=\"https:\/\/calendly.com\/kerstin-streuli\/coachingsession\" target=\"_blank\" class=\"elementor-button-link elementor-button elementor-size-xs elementor-animation-grow\" role=\"button\">\n\t\t\t\t\t\t<span class=\"elementor-button-content-wrapper\">\n\t\t\t\t\t\t\t<span class=\"elementor-button-icon elementor-align-icon-left\">\n\t\t\t\t<i aria-hidden=\"true\" class=\"fas fa-child\"><\/i>\t\t\t<\/span>\n\t\t\t\t\t\t<span class=\"elementor-button-text\">Sichere dir jetzt deine kostenlose Sitzung zur Standortbestimmung\u2026..<\/span>\n\t\t<\/span>\n\t\t\t\t\t<\/a>\n\t\t<\/div>\n\t\t\t\t<\/div>\n\t\t\t\t<\/div>\n\t\t\t\t\t\t<\/div>\n\t\t\t\t\t<\/div>\n\t\t<\/div>\n\t\t\t\t\t\t\t\t<\/div>\n\t\t\t\t\t<\/div>\n\t\t<\/section>\n\t\t\t\t<section class=\"elementor-section elementor-top-section elementor-element elementor-element-c499a5e elementor-section-boxed elementor-section-height-default elementor-section-height-default\" data-id=\"c499a5e\" data-element_type=\"section\" data-settings=\"{&quot;background_background&quot;:&quot;classic&quot;}\">\n\t\t\t\t\t\t\t<div class=\"elementor-background-overlay\"><\/div>\n\t\t\t\t\t\t\t<div class=\"elementor-container elementor-column-gap-default\">\n\t\t\t\t\t\t\t<div class=\"elementor-row\">\n\t\t\t\t\t<div class=\"elementor-column elementor-col-100 elementor-top-column elementor-element elementor-element-b386278\" data-id=\"b386278\" data-element_type=\"column\">\n\t\t\t<div class=\"elementor-column-wrap elementor-element-populated\">\n\t\t\t\t\t\t\t<div class=\"elementor-widget-wrap\">\n\t\t\t\t\t\t<div class=\"elementor-element elementor-element-5ab2446 elementor-widget elementor-widget-text-editor\" data-id=\"5ab2446\" data-element_type=\"widget\" data-widget_type=\"text-editor.default\">\n\t\t\t\t<div class=\"elementor-widget-container\">\n\t\t\t\t\t\t\t\t<div class=\"elementor-text-editor elementor-clearfix\">\n\t\t\t\t<p align=\"center\"><b><span class=\"d2edcug0 hpfvmrgz qv66sw1b c1et5uql rrkovp55 a8c37x1j keod5gw0 nxhoafnm aigsh9s9 d3f4x2em fe6kdd0r mau55g9w c8b282yb iv3no6db jq4qci2q a3bd9o3v knj5qynh oo9gr5id hzawbc8m\" dir=\"auto\"><span class=\"d2edcug0 hpfvmrgz qv66sw1b c1et5uql rrkovp55 jq4qci2q a3bd9o3v knj5qynh oo9gr5id hzawbc8m\">Business, das nur auf Zahlen und Fakten beruht, f\u00fchrt nicht zur Erf\u00fcllung unserer Seele und verfehlt den Sinn unseres Lebens. <br \/>Der Verstand muss zum Diener des Herzens werden.<\/span><\/span><\/b><\/p>\t\t\t\t\t<\/div>\n\t\t\t\t\t\t<\/div>\n\t\t\t\t<\/div>\n\t\t\t\t\t\t<\/div>\n\t\t\t\t\t<\/div>\n\t\t<\/div>\n\t\t\t\t\t\t\t\t<\/div>\n\t\t\t\t\t<\/div>\n\t\t<\/section>\n\t\t\t\t\t\t\t\t\t<\/div>\n\t\t\t<\/div>\n\t\t\t\t\t<\/div>","protected":false},"excerpt":{"rendered":"<p>Deine pers\u00f6nliche Coachin f\u00fcr Erf\u00fcllung im Business Ich unterst\u00fctze dich,deine berufliche Vision zu finden und in Aktion zu gehen, damit dein Beruf zu deiner Berufung wird und du finanziell erfolgreich bist. Business-Coach f\u00fcr Frauen Sichere dir jetzt deine kostenlose Sitzung zur Standortbestimmung\u2026.. Du willst endlich im Beruf deine St\u00e4rken einbringen &#8211; und daf\u00fcr auch wertgesch\u00e4tzt [&hellip;]<\/p>","protected":false},"author":1,"featured_media":0,"parent":0,"menu_order":0,"comment_status":"closed","ping_status":"closed","template":"elementor_header_footer","meta":[],"_links":{"self":[{"href":"https:\/\/kerstin-streuli.artris.ch\/en\/wp-json\/wp\/v2\/pages\/8"}],"collection":[{"href":"https:\/\/kerstin-streuli.artris.ch\/en\/wp-json\/wp\/v2\/pages"}],"about":[{"href":"https:\/\/kerstin-streuli.artris.ch\/en\/wp-json\/wp\/v2\/types\/page"}],"author":[{"embeddable":true,"href":"https:\/\/kerstin-streuli.artris.ch\/en\/wp-json\/wp\/v2\/users\/1"}],"replies":[{"embeddable":true,"href":"https:\/\/kerstin-streuli.artris.ch\/en\/wp-json\/wp\/v2\/comments?post=8"}],"version-history":[{"count":308,"href":"https:\/\/kerstin-streuli.artris.ch\/en\/wp-json\/wp\/v2\/pages\/8\/revisions"}],"predecessor-version":[{"id":500,"href":"https:\/\/kerstin-streuli.artris.ch\/en\/wp-json\/wp\/v2\/pages\/8\/revisions\/500"}],"wp:attachment":[{"href":"https:\/\/kerstin-streuli.artris.ch\/en\/wp-json\/wp\/v2\/media?parent=8"}],"curies":[{"name":"wp","href":"https:\/\/api.w.org\/{rel}","templated":true}]}}